{"id":207,"date":"2023-09-25T10:12:14","date_gmt":"2023-09-25T10:12:14","guid":{"rendered":"https:\/\/test.espaciomsweb.com\/?page_id=207"},"modified":"2023-10-10T10:57:37","modified_gmt":"2023-10-10T10:57:37","slug":"localizacion","status":"publish","type":"page","link":"https:\/\/test.espaciomsweb.com\/?page_id=207","title":{"rendered":"Localizaci\u00f3n"},"content":{"rendered":"<p>[et_pb_section fb_built=\u00bb1&#8243; theme_builder_area=\u00bbpost_content\u00bb _builder_version=\u00bb4.22.2&#8243; _module_preset=\u00bbdefault\u00bb][et_pb_row _builder_version=\u00bb4.22.2&#8243; _module_preset=\u00bbdefault\u00bb theme_builder_area=\u00bbpost_content\u00bb hover_enabled=\u00bb0&#8243; sticky_enabled=\u00bb0&#8243;][et_pb_column _builder_version=\u00bb4.22.2&#8243; _module_preset=\u00bbdefault\u00bb type=\u00bb4_4&#8243; theme_builder_area=\u00bbpost_content\u00bb][et_pb_text _builder_version=\u00bb4.22.2&#8243; _module_preset=\u00bbdefault\u00bb theme_builder_area=\u00bbpost_content\u00bb hover_enabled=\u00bb0&#8243; sticky_enabled=\u00bb0&#8243;]<\/p>\n<h1><strong>Localizaci\u00f3n<\/strong><\/h1>\n<p>[\/et_pb_text][\/et_pb_column][\/et_pb_row][et_pb_row _builder_version=\u00bb4.22.2&#8243; _module_preset=\u00bbdefault\u00bb theme_builder_area=\u00bbpost_content\u00bb min_height=\u00bb72.3px\u00bb transform_translate=\u00bb-1px|-33px\u00bb hover_enabled=\u00bb0&#8243; sticky_enabled=\u00bb0&#8243;][et_pb_column _builder_version=\u00bb4.22.2&#8243; _module_preset=\u00bbdefault\u00bb type=\u00bb4_4&#8243; theme_builder_area=\u00bbpost_content\u00bb][et_pb_text _builder_version=\u00bb4.22.2&#8243; _module_preset=\u00bbdefault\u00bb theme_builder_area=\u00bbpost_content\u00bb hover_enabled=\u00bb0&#8243; sticky_enabled=\u00bb0&#8243;]<\/p>\n<p><span>Recambios Alcora cuenta con primeras marcas tanto para particulares como para empresas del sector del azulejo, construcci\u00f3n o talleres de automoci\u00f3n&#8230;<\/span><br \/><span>Pregunte por nuestros articulos de ferreteria, adhesivos, lubricantes, telas inoxidables, cadenas de transmisi\u00f3n, correas, embalajes, todo tipo de herramienta, instrumentos de medida, material de riego y pisconas, planchas, r\u00f2tulos&#8230;<\/span><\/p>\n<p>[\/et_pb_text][\/et_pb_column][\/et_pb_row][et_pb_row _builder_version=\u00bb4.22.2&#8243; _module_preset=\u00bbdefault\u00bb theme_builder_area=\u00bbpost_content\u00bb][et_pb_column _builder_version=\u00bb4.22.2&#8243; _module_preset=\u00bbdefault\u00bb type=\u00bb4_4&#8243; theme_builder_area=\u00bbpost_content\u00bb][et_pb_map _builder_version=\u00bb4.22.2&#8243; _module_preset=\u00bbdefault\u00bb theme_builder_area=\u00bbpost_content\u00bb hover_enabled=\u00bb0&#8243; sticky_enabled=\u00bb0&#8243;][\/et_pb_map][\/et_pb_column][\/et_pb_row][\/et_pb_section]<\/p>\n","protected":false},"excerpt":{"rendered":"<p>Localizaci\u00f3nRecambios Alcora cuenta con primeras marcas tanto para particulares como para empresas del sector del azulejo, construcci\u00f3n o talleres de automoci\u00f3n&#8230;Pregunte por nuestros articulos de ferreteria, adhesivos, lubricantes, telas inoxidables, cadenas de transmisi\u00f3n, correas, embalajes, todo tipo de herramienta, instrumentos de medida, material de riego y pisconas, planchas, r\u00f2tulos&#8230;<\/p>\n","protected":false},"author":1,"featured_media":0,"parent":0,"menu_order":0,"comment_status":"closed","ping_status":"closed","template":"","meta":{"_et_pb_use_builder":"on","_et_pb_old_content":"<!-- wp:divi\/placeholder \/-->","_et_gb_content_width":"","footnotes":""},"class_list":["post-207","page","type-page","status-publish","hentry"],"_links":{"self":[{"href":"https:\/\/test.espaciomsweb.com\/index.php?rest_route=\/wp\/v2\/pages\/207","targetHints":{"allow":["GET"]}}],"collection":[{"href":"https:\/\/test.espaciomsweb.com\/index.php?rest_route=\/wp\/v2\/pages"}],"about":[{"href":"https:\/\/test.espaciomsweb.com\/index.php?rest_route=\/wp\/v2\/types\/page"}],"author":[{"embeddable":true,"href":"https:\/\/test.espaciomsweb.com\/index.php?rest_route=\/wp\/v2\/users\/1"}],"replies":[{"embeddable":true,"href":"https:\/\/test.espaciomsweb.com\/index.php?rest_route=%2Fwp%2Fv2%2Fcomments&post=207"}],"version-history":[{"count":4,"href":"https:\/\/test.espaciomsweb.com\/index.php?rest_route=\/wp\/v2\/pages\/207\/revisions"}],"predecessor-version":[{"id":379,"href":"https:\/\/test.espaciomsweb.com\/index.php?rest_route=\/wp\/v2\/pages\/207\/revisions\/379"}],"wp:attachment":[{"href":"https:\/\/test.espaciomsweb.com\/index.php?rest_route=%2Fwp%2Fv2%2Fmedia&parent=207"}],"curies":[{"name":"wp","href":"https:\/\/api.w.org\/{rel}","templated":true}]}}